{"id":752,"date":"2025-02-28T11:08:17","date_gmt":"2025-02-28T11:08:17","guid":{"rendered":"https:\/\/woodvoodoo.com\/?page_id=752"},"modified":"2025-06-05T11:15:33","modified_gmt":"2025-06-05T11:15:33","slug":"home-page-new","status":"publish","type":"page","link":"https:\/\/woodvoodoo.com\/lt\/","title":{"rendered":"pagrindinis puslapis naujas"},"content":{"rendered":"<div id=\"fws_69e21b6644e97\"  data-column-margin=\"default\" data-midnight=\"light\"  class=\"wpb_row vc_row-fluid vc_row full-width-section vc_row-o-full-height vc_row-o-columns-bottom vc_row-o-equal-height vc_row-flex parallax_section mobile-disable-bg-image-animation\"  style=\"padding-top: 0px; padding-bottom: 0px; \"><div class=\"row-bg-wrap\" data-bg-animation=\"zoom-out\" data-bg-animation-delay=\"\" data-bg-overlay=\"false\"><div class=\"inner-wrap row-bg-layer using-image\" ><div class=\"row-bg viewport-desktop using-image using-bg-color\" data-parallax-speed=\"medium_fast\" style=\"background-image: url(https:\/\/woodvoodoo.com\/wp-content\/uploads\/2025\/01\/woodvoodoo-medinis-kreslas-2.png); background-position: center center; background-repeat: no-repeat; background-color: #262626; \"><\/div><\/div><div class=\"row-bg-overlay row-bg-layer\" style=\"background:linear-gradient(0deg, rgb(0,0,0) 0%, rgba(0,0,0,252) 0%, rgba(0,0,0,0) 43%);\"><\/div><\/div><div class=\"row_col_wrap_12 col span_12 light left\">\n\t<div  class=\"vc_col-sm-12 wpb_column column_container vc_column_container col bottom_padding_desktop_40px\"  data-padding-pos=\"all\" data-has-bg-color=\"false\" data-bg-color=\"\" data-bg-opacity=\"1\" data-animation=\"\" data-delay=\"0\" >\n\t\t<div class=\"vc_column-inner\" >\n\t\t\t<div class=\"wpb_wrapper\">\n\t\t\t\t<div id=\"fws_69e21b664539c\" data-midnight=\"\" data-column-margin=\"10px\" class=\"wpb_row vc_row-fluid vc_row inner_row vc_row-o-equal-height vc_row-flex vc_row-o-content-bottom\"  style=\"\"><div class=\"row-bg-wrap\"> <div class=\"row-bg\" ><\/div> <\/div><div class=\"row_col_wrap_12_inner col span_12  left\">\n\t<div  class=\"vc_col-sm-6 wpb_column column_container vc_column_container col child_column right_padding_desktop_15pct right_padding_tablet_50pct right_padding_phone_15pct\"   data-padding-pos=\"all\" data-has-bg-color=\"false\" data-bg-color=\"\" data-bg-opacity=\"1\" data-animation=\"\" data-delay=\"0\" >\n\t\t<div class=\"vc_column-inner\" >\n\t\t<div class=\"wpb_wrapper\">\n\t\t\t<div class=\"nectar-split-heading  font_size_6vw font_size_max_108px font_size_tablet_10vw font_size_phone_12vw font_line_height_1px\" data-align=\"default\" data-m-align=\"inherit\" data-text-effect=\"default\" data-animation-type=\"default\" data-animation-delay=\"0\" data-animation-offset=\"\" data-m-rm-animation=\"\" data-stagger=\"\" data-custom-font-size=\"true\" style=\"font-size: 6vw; line-height: 6.6vw;\"><div class=\"heading-line\" > <div><h4>Nestandartiniai baldai, interjero projektai, transportavimo d\u0117\u017e\u0117s<\/h4> <\/div> <\/div><\/div>\n\t\t<\/div> \n\t<\/div>\n\t<\/div> \n\n\t<div  class=\"vc_col-sm-4 vc_col-xs-9 wpb_column column_container vc_column_container col child_column has-animation left_padding_desktop_30pct left_padding_tablet_0px right_padding_tablet_30pct right_padding_phone_0px\"   data-padding-pos=\"all\" data-has-bg-color=\"false\" data-bg-color=\"\" data-bg-opacity=\"1\" data-animation=\"fade-in\" data-delay=\"300\" >\n\t\t<div class=\"vc_column-inner\" >\n\t\t<div class=\"wpb_wrapper\">\n\t\t\t<div class=\"nectar-responsive-text font_size_min_16px font_size_max_22px font_size_desktop_1-3vw font_line_height_1-6 nectar-link-underline-effect\" style=\"max-width: 375px;\"><\/div>\n\t\t<\/div> \n\t<\/div>\n\t<\/div> \n\n\t<div  class=\"vc_col-sm-2 vc_col-xs-3 wpb_column column_container vc_column_container col child_column has-animation no-extra-padding force-desktop-text-align-right inherit_tablet inherit_phone\"   data-padding-pos=\"all\" data-has-bg-color=\"false\" data-bg-color=\"\" data-bg-opacity=\"1\" data-animation=\"fade-in\" data-delay=\"500\" >\n\t\t<div class=\"vc_column-inner\" >\n\t\t<div class=\"wpb_wrapper\">\n\t\t\t<div class=\"nectar-next-section-wrap minimal-arrow alignment_tablet_right alignment_phone_default display_tablet_inherit display_phone_inherit\"  data-align=\"right\" data-custom-color=\"false\">\n    <a href=\"#\" class=\"nectar-next-section skip-hash\">\n      <span class=\"screen-reader-text\">Pereiti \u012f kit\u0105 skyri\u0173<\/span>\n      <svg class=\"next-arrow\" width=\"40px\" height=\"68px\" viewbox=\"0 0 40 50\" xml:space=\"preserve\">\n      <path stroke=\"#ffffff\" stroke-width=\"2\" fill=\"none\" d=\"M 20 0 L 20 51\"><\/path>\n      <polyline stroke=\"#ffffff\" stroke-width=\"2\" fill=\"none\" points=\"12, 44 20, 52 28, 44\"><\/polyline>\n      <\/svg>\n    <\/a>\n  <\/div>\n\t\t<\/div> \n\t<\/div>\n\t<\/div> \n<\/div><\/div>\n\t\t\t<\/div> \n\t\t<\/div>\n\t<\/div> \n<\/div><\/div>","protected":false},"excerpt":{"rendered":"Nestandartiniai mediniai baldai, interjero projektai, transportavimo d\u0117\u017e\u0117s Pereiti \u012f kit\u0105 skyri\u0173","protected":false},"author":1,"featured_media":0,"parent":0,"menu_order":0,"comment_status":"closed","ping_status":"closed","template":"","meta":{"footnotes":""},"class_list":["post-752","page","type-page","status-publish"],"_links":{"self":[{"href":"https:\/\/woodvoodoo.com\/lt\/wp-json\/wp\/v2\/pages\/752","targetHints":{"allow":["GET"]}}],"collection":[{"href":"https:\/\/woodvoodoo.com\/lt\/wp-json\/wp\/v2\/pages"}],"about":[{"href":"https:\/\/woodvoodoo.com\/lt\/wp-json\/wp\/v2\/types\/page"}],"author":[{"embeddable":true,"href":"https:\/\/woodvoodoo.com\/lt\/wp-json\/wp\/v2\/users\/1"}],"replies":[{"embeddable":true,"href":"https:\/\/woodvoodoo.com\/lt\/wp-json\/wp\/v2\/comments?post=752"}],"version-history":[{"count":9,"href":"https:\/\/woodvoodoo.com\/lt\/wp-json\/wp\/v2\/pages\/752\/revisions"}],"predecessor-version":[{"id":844,"href":"https:\/\/woodvoodoo.com\/lt\/wp-json\/wp\/v2\/pages\/752\/revisions\/844"}],"wp:attachment":[{"href":"https:\/\/woodvoodoo.com\/lt\/wp-json\/wp\/v2\/media?parent=752"}],"curies":[{"name":"wp","href":"https:\/\/api.w.org\/{rel}","templated":true}]}}