{"id":742,"date":"2025-02-28T11:02:31","date_gmt":"2025-02-28T11:02:31","guid":{"rendered":"https:\/\/woodvoodoo.com\/?page_id=742"},"modified":"2025-10-07T10:43:16","modified_gmt":"2025-10-07T10:43:16","slug":"category-carpentry-projects","status":"publish","type":"page","link":"https:\/\/woodvoodoo.com\/lt\/category-carpentry-projects\/","title":{"rendered":"Category &#8211; carpentry-projects"},"content":{"rendered":"<div id=\"fws_69e22d587c7c8\"  data-column-margin=\"none\" data-midnight=\"custom\" data-top-percent=\"15%\" data-bottom-percent=\"15%\"  class=\"wpb_row vc_row-fluid vc_row full-width-section parallax_section top_padding_tablet_30pct top_padding_phone_40pct bottom_padding_tablet_30pct bottom_padding_phone_40pct\"  style=\"padding-top: calc(100vw * 0.15); padding-bottom: calc(100vw * 0.15); \"><div class=\"row-bg-wrap\" data-bg-animation=\"zoom-out\" data-bg-animation-delay=\"\" data-bg-overlay=\"true\"><div class=\"inner-wrap row-bg-layer using-image\" ><div class=\"row-bg viewport-desktop using-image using-bg-color\" data-parallax-speed=\"fast\" style=\"background-image: url(https:\/\/woodvoodoo.com\/wp-content\/uploads\/2025\/06\/woodwoodoo-carpentry-projects.png); background-position: center center; background-repeat: no-repeat; background-color: #9fc5d0; \"><\/div><\/div><div class=\"row-bg-overlay row-bg-layer\" style=\"background-color:#000000;  opacity: 0.3; \"><\/div><\/div><div class=\"row_col_wrap_12 col span_12 custom left\">\n\t<div  class=\"vc_col-sm-12 wpb_column column_container vc_column_container col no-extra-padding force-phone-text-align-center el_spacing_0px inherit_tablet inherit_phone\"  data-padding-pos=\"all\" data-has-bg-color=\"false\" data-bg-color=\"\" data-bg-opacity=\"1\" data-animation=\"\" data-delay=\"0\" >\n\t\t<div class=\"vc_column-inner\" >\n\t\t\t<div class=\"wpb_wrapper\">\n\t\t\t\t<div id=\"fws_69e22d587ce96\" data-midnight=\"\" data-column-margin=\"default\" class=\"wpb_row vc_row-fluid vc_row inner_row\"  style=\" z-index: 20;\"><div class=\"row-bg-wrap\"> <div class=\"row-bg\" ><\/div> <\/div><div class=\"row_col_wrap_12_inner col span_12  left\">\n\t<div style=\" color: #ffffff;\" class=\"vc_col-sm-12 wpb_column column_container vc_column_container col child_column no-extra-padding el_spacing_0px inherit_tablet inherit_phone\" data-cfc=\"true\"  data-padding-pos=\"all\" data-has-bg-color=\"false\" data-bg-color=\"\" data-bg-opacity=\"1\" data-animation=\"\" data-delay=\"0\" >\n\t\t<div class=\"vc_column-inner\" >\n\t\t<div class=\"wpb_wrapper\">\n\t\t\t<div class=\"nectar-split-heading  font_size_10vh\" data-align=\"default\" data-m-align=\"inherit\" data-text-effect=\"none\" data-animation-type=\"line-reveal-by-space\" data-animation-delay=\"200\" data-animation-offset=\"\" data-m-rm-animation=\"\" data-stagger=\"\" data-custom-font-size=\"true\" style=\"font-size: 10vh; line-height: 11vh;\"><h1 >Lauko ir vidaus med\u017eio apdailos darbai<\/h1><\/div>\n<div class=\"nectar-rotating-words-title  font_size_10vh element_stagger_words\"  data-rotation=\"2500\" data-delay=\"550\" data-mobile=\"inline\">\n  <h1 class=\"heading\">  <span class=\"dynamic-words\" data-inherit-heading-family=\"default\">\n    <span class=\"text-wrap active\"><span><span><\/span><\/span><\/span>  <\/span>\n  <\/h1>\n<\/div>\n\t\t<\/div> \n\t<\/div>\n\t<\/div> \n<\/div><\/div><div id=\"fws_69e22d587d72e\" data-midnight=\"\" data-column-margin=\"default\" class=\"wpb_row vc_row-fluid vc_row inner_row\"  style=\" z-index: 20;\"><div class=\"row-bg-wrap\"> <div class=\"row-bg\" ><\/div> <\/div><div class=\"row_col_wrap_12_inner col span_12  left\">\n\t<div style=\" color: #ffffff;\" class=\"vc_col-sm-12 wpb_column column_container vc_column_container col child_column has-animation no-extra-padding el_spacing_0px inherit_tablet inherit_phone\" data-cfc=\"true\"  data-padding-pos=\"all\" data-has-bg-color=\"false\" data-bg-color=\"\" data-bg-opacity=\"1\" data-animation=\"fade-in-from-bottom\" data-delay=\"650\" >\n\t\t<div class=\"vc_column-inner\" >\n\t\t<div class=\"wpb_wrapper\">\n\t\t\t\n\t\t<\/div> \n\t<\/div>\n\t<\/div> \n<\/div><\/div>\n\t\t\t<\/div> \n\t\t<\/div>\n\t<\/div> \n<\/div><\/div>\n\t\t<div id=\"fws_69e22d587dce9\"  data-column-margin=\"default\" data-midnight=\"dark\" data-top-percent=\"6%\" data-bottom-percent=\"6%\"  class=\"wpb_row vc_row-fluid vc_row full-width-section\"  style=\"padding-top: calc(100vw * 0.06); padding-bottom: calc(100vw * 0.06); \"><div class=\"row-bg-wrap\" data-bg-animation=\"none\" data-bg-animation-delay=\"\" data-bg-overlay=\"false\"><div class=\"inner-wrap row-bg-layer\" ><div class=\"row-bg viewport-desktop\"  style=\"\"><\/div><\/div><\/div><div class=\"row_col_wrap_12 col span_12 dark left\">\n\t<div  class=\"vc_col-sm-12 wpb_column column_container vc_column_container col no-extra-padding inherit_tablet inherit_phone\"  data-padding-pos=\"all\" data-has-bg-color=\"false\" data-bg-color=\"\" data-bg-opacity=\"1\" data-animation=\"\" data-delay=\"0\" >\n\t\t<div class=\"vc_column-inner\" >\n\t\t\t<div class=\"wpb_wrapper\">\n\t\t\t\t<div id=\"fws_69e22d587e108\" data-midnight=\"\" data-column-margin=\"default\" class=\"wpb_row vc_row-fluid vc_row inner_row\"  style=\"\"><div class=\"row-bg-wrap\"> <div class=\"row-bg\" ><\/div> <\/div><div class=\"row_col_wrap_12_inner col span_12  left\">\n\t<div  class=\"vc_col-sm-4 wpb_column column_container vc_column_container col child_column no-extra-padding el_spacing_0px inherit_tablet inherit_phone\"   data-padding-pos=\"all\" data-has-bg-color=\"false\" data-bg-color=\"\" data-bg-opacity=\"1\" data-animation=\"\" data-delay=\"0\" >\n\t\t<div class=\"vc_column-inner\" >\n\t\t<div class=\"wpb_wrapper\">\n\t\t\t\n<div class=\"wpb_text_column wpb_content_element\" >\n\t<div class=\"wpb_wrapper\">\n\t\t<h6>Nesenstantis menas<\/h6>\n\t<\/div>\n<\/div>\n\n\n\n\n\t\t<\/div> \n\t<\/div>\n\t<\/div> \n\n\t<div  class=\"vc_col-sm-8 wpb_column column_container vc_column_container col child_column el_spacing_30px right_padding_desktop_15pct right_padding_tablet_0px\"   data-padding-pos=\"all\" data-has-bg-color=\"false\" data-bg-color=\"\" data-bg-opacity=\"1\" data-animation=\"\" data-delay=\"0\" >\n\t\t<div class=\"vc_column-inner\" >\n\t\t<div class=\"wpb_wrapper\">\n\t\t\t<div class=\"nectar-responsive-text font_size_desktop_1-5em font_size_tablet_1em font_line_height_1-6 nectar-link-underline-effect\"><p data-start=\"72\" data-end=\"268\">Atliekame \u012fvairius lauko ir vidaus med\u017eio apdailos darbus, \u012fskaitant teras\u0173, pergoli\u0173, pa\u0161i\u016bri\u0173, medini\u0173 laipt\u0173 ir kit\u0173 medini\u0173 konstrukcij\u0173 statyb\u0105 ir montavim\u0105.<\/p>\n<p data-start=\"275\" data-end=\"371\">Atliekame \u012fvairius lauko ir vidaus med\u017eio apdailos darbus, \u012fskaitant teras\u0173, pergoli\u0173, pa\u0161i\u016bri\u0173, medini\u0173 laipt\u0173 ir kit\u0173 medini\u0173 konstrukcij\u0173 statyb\u0105 ir montavim\u0105.<\/p>\n<p data-start=\"378\" data-end=\"454\">Pagal pageidavim\u0105 galimi individual\u016bs sprendimai, pritaikyti j\u016bs\u0173 konkretiems poreikiams.<\/p>\n<\/div>\n\t\t<\/div> \n\t<\/div>\n\t<\/div> \n<\/div><\/div>\n\t\t\t<\/div> \n\t\t<\/div>\n\t<\/div> \n<\/div><\/div>\n\t\t<div id=\"fws_69e22d587ee21\"  data-column-margin=\"default\" data-midnight=\"light\" data-top-percent=\"14%\" data-bottom-percent=\"14%\"  class=\"wpb_row vc_row-fluid vc_row full-width-content vc_row-o-equal-height vc_row-flex vc_row-o-content-top  top_padding_tablet_20pct bottom_padding_tablet_20pct\"  style=\"padding-top: calc(100vw * 0.14); padding-bottom: calc(100vw * 0.14); \"><div class=\"row-bg-wrap\" data-bg-animation=\"none\" data-bg-animation-delay=\"\" data-bg-overlay=\"false\"><div class=\"inner-wrap row-bg-layer\" ><div class=\"row-bg viewport-desktop using-bg-color\"  style=\"background-color: #131418; \"><\/div><\/div><\/div><div class=\"row_col_wrap_12 col span_12 light left\">\n\t<div  class=\"vc_col-sm-12 wpb_column column_container vc_column_container col no-extra-padding inherit_tablet inherit_phone\"  data-padding-pos=\"all\" data-has-bg-color=\"false\" data-bg-color=\"\" data-bg-opacity=\"1\" data-animation=\"\" data-delay=\"0\" >\n\t\t<div class=\"vc_column-inner\" >\n\t\t\t<div class=\"wpb_wrapper\">\n\t\t\t\t<div id=\"fws_69e22d587f2ad\" data-midnight=\"\" data-column-margin=\"none\" class=\"wpb_row vc_row-fluid vc_row inner_row  right_padding_24pct left_padding_24pct bottom_padding_tablet_25px right_padding_phone_12pct left_padding_phone_12pct\"  style=\"padding-bottom: 35px; \"><div class=\"row-bg-wrap\"> <div class=\"row-bg\" ><\/div> <\/div><div class=\"row_col_wrap_12_inner col span_12  left\">\n\t<div  class=\"vc_col-sm-12 wpb_column column_container vc_column_container col child_column centered-text no-extra-padding inherit_tablet inherit_phone\"   data-padding-pos=\"all\" data-has-bg-color=\"false\" data-bg-color=\"\" data-bg-opacity=\"1\" data-animation=\"\" data-delay=\"0\" >\n\t\t<div class=\"vc_column-inner\" >\n\t\t<div class=\"wpb_wrapper\">\n\t\t\t<div class=\"nectar-split-heading\" data-align=\"default\" data-m-align=\"inherit\" data-text-effect=\"none\" data-animation-type=\"line-reveal-by-space\" data-animation-delay=\"0\" data-animation-offset=\"\" data-m-rm-animation=\"\" data-stagger=\"\" data-custom-font-size=\"false\" ><h2 style=\"max-width: 435px;\">Individual\u016bs sprendimai J\u016bs\u0173 erdvei<\/h2><\/div><div class=\"nectar-split-heading\" data-align=\"default\" data-m-align=\"inherit\" data-text-effect=\"default\" data-animation-type=\"line-reveal-by-space\" data-animation-delay=\"0\" data-animation-offset=\"\" data-m-rm-animation=\"\" data-stagger=\"\" data-custom-font-size=\"false\" ><h2 style=\"max-width: 435px;\"><\/h2><\/div>\n\t\t<\/div> \n\t<\/div>\n\t<\/div> \n<\/div><\/div><div class='nectar-post-grid-wrap nectar-browser-window-style text-color-light spacing-25px' data-el-settings='{\"post_type\":\"portfolio\",\"pagination\":\"load-more\",\"image_size\":\"portfolio-thumb_large\",\"parallax_scrolling\":\"\",\"aspect_ratio_image_size\":\"yes\",\"category_position\":\"default\",\"category_display\":\"default\",\"display_categories\":\"yes\",\"display_excerpt\":\"0\",\"excerpt_length\":\"20\",\"display_date\":\"0\",\"display_estimated_reading_time\":\"0\",\"display_author\":\"0\",\"author_functionality\":\"default\",\"author_position\":\"default\",\"color_overlay\":\"\",\"color_overlay_opacity\":\"\",\"color_overlay_hover_opacity\":\"\",\"card_bg_color\":\"#1f2125\",\"grid_style\":\"content_under_image\",\"hover_effect\":\"none\",\"post_title_overlay\":\"\",\"heading_tag\":\"h4\",\"enable_gallery_lightbox\":\"0\",\"category_style\":\"underline\",\"overlay_secondary_project_image\":\"\",\"vertical_list_hover_effect\":\"none\",\"vertical_list_read_more\":\"\",\"read_more_button\":\"0\",\"animation\":\"fade-in-from-bottom\",\"custom_fields\":\"\",\"custom_fields_location\":\"before_post_meta\",\"display_type\":\"grid\"}' data-style='content_under_image' data-query='{\"post_type\":\"portfolio\",\"posts_per_page\":\"15\",\"order\":\"DESC\",\"orderby\":\"date\",\"offset\":\"0\",\"cpt_name\":\"post\",\"custom_query_tax\":\"\",\"ignore_sticky_posts\":\"\",\"exclude_current_post\":\"\"}' data-load-more-color='accent-color' data-load-more-text='Load More'><div class=\"nectar-post-grid-filters\" data-active-color=\"accent-color\" data-align=\"default\" data-animation=\"fade-in-from-bottom\" data-sortable=\"yes\"><h4>Filter<\/h4><div><a href=\"#\" data-filter=\"carpentry-projects\" data-total-count=\"3\">Med\u017eio darbai<\/a><\/div><\/div><div class=\"nectar-post-grid card_hover_color_25272b category-position-before-title\" data-indicator=\"yes\" data-indicator-style=\"default\" data-indicator-text-color=\"#fff\" data-indicator-color=\"#3452ff\" data-indicator-text=\"View\" data-masonry=\"yes\" data-columns=\"3\" data-hover-effect=\"none\" data-text-style=\"default\" data-border-radius=\"10px\" data-grid-item-height=\"30vh\" data-grid-spacing=\"25px\" data-text-layout=\"top_left\" data-text-color=\"light\" data-text-hover-color=\"light\" data-shadow-hover=\"\" data-animation=\"fade-in-from-bottom\" data-animation-stagger=\"90\" data-cat-click=\"static\"  data-lock-aspect=\"yes\"  data-text-align=\"center\" data-card=\"yes\" style=\"--post-grid-border-radius:10px;\" ><div class=\"nectar-post-grid-item\" style=\"background-color: #1f2125;\" data-post-id=\"626\" data-has-img=\"true\"> <div class=\"inner\"><div class=\"nectar-post-grid-item-bg-wrap\"><div class=\"nectar-post-grid-item-bg-wrap-inner\"><a class=\"bg-wrap-link\" href=\"https:\/\/woodvoodoo.com\/lt\/portfolio\/wall-panel-installation\/\"><span class=\"screen-reader-text\">Sienini\u0173 paneli\u0173 montavimas u\u017esienio \u0161alies ambasadoje Vilniuje<\/span><\/a><div class=\"nectar-post-grid-item-bg\"><img loading=\"lazy\" decoding=\"async\" class=\"nectar-lazy skip-lazy\" src=\"data:image\/svg+xml;charset=utf-8,%3Csvg%20xmlns%3D'http%3A%2F%2Fwww.w3.org%2F2000%2Fsvg'%20viewBox%3D'0%200%202000%201500'%2F%3E\" alt=\"\" height=\"1500\" width=\"2000\" data-nectar-img-src=\"https:\/\/woodvoodoo.com\/wp-content\/uploads\/2025\/01\/woodvoodoo-siena-horizontal.001.png\" data-nectar-img-srcset=\"https:\/\/woodvoodoo.com\/wp-content\/uploads\/2025\/01\/woodvoodoo-siena-horizontal.001.png 2000w, https:\/\/woodvoodoo.com\/wp-content\/uploads\/2025\/01\/woodvoodoo-siena-horizontal.001-300x225.png 300w, https:\/\/woodvoodoo.com\/wp-content\/uploads\/2025\/01\/woodvoodoo-siena-horizontal.001-1024x768.png 1024w, https:\/\/woodvoodoo.com\/wp-content\/uploads\/2025\/01\/woodvoodoo-siena-horizontal.001-768x576.png 768w, https:\/\/woodvoodoo.com\/wp-content\/uploads\/2025\/01\/woodvoodoo-siena-horizontal.001-1536x1152.png 1536w\" sizes=\"auto, (max-width: 2000px) 100vw, 2000px\" \/><\/div><\/div><\/div><div class=\"content\"><a class=\"nectar-post-grid-link\" href=\"https:\/\/woodvoodoo.com\/lt\/portfolio\/wall-panel-installation\/\" ><span class=\"screen-reader-text\">Sienini\u0173 paneli\u0173 montavimas u\u017esienio \u0161alies ambasadoje Vilniuje<\/span><\/a><span class=\"meta-category\"><a class=\"carpentry-projects style-underline\" href=\"https:\/\/woodvoodoo.com\/lt\/project-type\/carpentry-projects\/\">Med\u017eio darbai<\/a><\/span><div class=\"item-main\"><h4 class=\"post-heading\"><a href=\"https:\/\/woodvoodoo.com\/lt\/portfolio\/wall-panel-installation\/\"><span>Sienini\u0173 paneli\u0173 montavimas u\u017esienio \u0161alies ambasadoje Vilniuje<\/span><\/a><\/h4><\/div><\/div><\/div><\/div><div class=\"nectar-post-grid-item\" style=\"background-color: #1f2125;\" data-post-id=\"599\" data-has-img=\"true\"> <div class=\"inner\"><div class=\"nectar-post-grid-item-bg-wrap\"><div class=\"nectar-post-grid-item-bg-wrap-inner\"><a class=\"bg-wrap-link\" href=\"https:\/\/woodvoodoo.com\/lt\/portfolio\/terrace-building\/\"><span class=\"screen-reader-text\">Terasa priva\u010diame name<\/span><\/a><div class=\"nectar-post-grid-item-bg\"><img loading=\"lazy\" decoding=\"async\" class=\"nectar-lazy skip-lazy\" src=\"data:image\/svg+xml;charset=utf-8,%3Csvg%20xmlns%3D'http%3A%2F%2Fwww.w3.org%2F2000%2Fsvg'%20viewBox%3D'0%200%20840%201120'%2F%3E\" alt=\"\" height=\"1120\" width=\"840\" data-nectar-img-src=\"https:\/\/woodvoodoo.com\/wp-content\/uploads\/2025\/01\/Terrace-Building-and-Custom-Woodwork1.jpg\" data-nectar-img-srcset=\"https:\/\/woodvoodoo.com\/wp-content\/uploads\/2025\/01\/Terrace-Building-and-Custom-Woodwork1.jpg 840w, https:\/\/woodvoodoo.com\/wp-content\/uploads\/2025\/01\/Terrace-Building-and-Custom-Woodwork1-225x300.jpg 225w, https:\/\/woodvoodoo.com\/wp-content\/uploads\/2025\/01\/Terrace-Building-and-Custom-Woodwork1-768x1024.jpg 768w\" sizes=\"auto, (max-width: 840px) 100vw, 840px\" \/><\/div><\/div><\/div><div class=\"content\"><a class=\"nectar-post-grid-link\" href=\"https:\/\/woodvoodoo.com\/lt\/portfolio\/terrace-building\/\" ><span class=\"screen-reader-text\">Terasa priva\u010diame name<\/span><\/a><span class=\"meta-category\"><a class=\"carpentry-projects style-underline\" href=\"https:\/\/woodvoodoo.com\/lt\/project-type\/carpentry-projects\/\">Med\u017eio darbai<\/a><\/span><div class=\"item-main\"><h4 class=\"post-heading\"><a href=\"https:\/\/woodvoodoo.com\/lt\/portfolio\/terrace-building\/\"><span>Terasa priva\u010diame name<\/span><\/a><\/h4><\/div><\/div><\/div><\/div><div class=\"nectar-post-grid-item\" style=\"background-color: #1f2125;\" data-post-id=\"537\" data-has-img=\"true\"> <div class=\"inner\"><div class=\"nectar-post-grid-item-bg-wrap\"><div class=\"nectar-post-grid-item-bg-wrap-inner\"><a class=\"bg-wrap-link\" href=\"https:\/\/woodvoodoo.com\/lt\/portfolio\/chapel-furniture-wall-panels\/\"><span class=\"screen-reader-text\">Koply\u010dios liturginiai baldai ir sien\u0173 paneliai<\/span><\/a><div class=\"nectar-post-grid-item-bg\"><img loading=\"lazy\" decoding=\"async\" class=\"nectar-lazy skip-lazy\" src=\"data:image\/svg+xml;charset=utf-8,%3Csvg%20xmlns%3D'http%3A%2F%2Fwww.w3.org%2F2000%2Fsvg'%20viewBox%3D'0%200%202000%201500'%2F%3E\" alt=\"\" height=\"1500\" width=\"2000\" data-nectar-img-src=\"https:\/\/woodvoodoo.com\/wp-content\/uploads\/2025\/01\/WoodVoodoo-Pano.002.png\" data-nectar-img-srcset=\"https:\/\/woodvoodoo.com\/wp-content\/uploads\/2025\/01\/WoodVoodoo-Pano.002.png 2000w, https:\/\/woodvoodoo.com\/wp-content\/uploads\/2025\/01\/WoodVoodoo-Pano.002-300x225.png 300w, https:\/\/woodvoodoo.com\/wp-content\/uploads\/2025\/01\/WoodVoodoo-Pano.002-1024x768.png 1024w, https:\/\/woodvoodoo.com\/wp-content\/uploads\/2025\/01\/WoodVoodoo-Pano.002-768x576.png 768w, https:\/\/woodvoodoo.com\/wp-content\/uploads\/2025\/01\/WoodVoodoo-Pano.002-1536x1152.png 1536w\" sizes=\"auto, (max-width: 2000px) 100vw, 2000px\" \/><\/div><\/div><\/div><div class=\"content\"><a class=\"nectar-post-grid-link\" href=\"https:\/\/woodvoodoo.com\/lt\/portfolio\/chapel-furniture-wall-panels\/\" ><span class=\"screen-reader-text\">Koply\u010dios liturginiai baldai ir sien\u0173 paneliai<\/span><\/a><span class=\"meta-category\"><a class=\"carpentry-projects style-underline\" href=\"https:\/\/woodvoodoo.com\/lt\/project-type\/carpentry-projects\/\">Med\u017eio darbai<\/a><\/span><div class=\"item-main\"><h4 class=\"post-heading\"><a href=\"https:\/\/woodvoodoo.com\/lt\/portfolio\/chapel-furniture-wall-panels\/\"><span>Koply\u010dios liturginiai baldai ir sien\u0173 paneliai<\/span><\/a><\/h4><\/div><\/div><\/div><\/div><\/div><\/div>\n\t\t\t<\/div> \n\t\t<\/div>\n\t<\/div> \n<\/div><\/div>","protected":false},"excerpt":{"rendered":"","protected":false},"author":1,"featured_media":0,"parent":0,"menu_order":0,"comment_status":"closed","ping_status":"closed","template":"","meta":{"footnotes":""},"class_list":["post-742","page","type-page","status-publish"],"_links":{"self":[{"href":"https:\/\/woodvoodoo.com\/lt\/wp-json\/wp\/v2\/pages\/742","targetHints":{"allow":["GET"]}}],"collection":[{"href":"https:\/\/woodvoodoo.com\/lt\/wp-json\/wp\/v2\/pages"}],"about":[{"href":"https:\/\/woodvoodoo.com\/lt\/wp-json\/wp\/v2\/types\/page"}],"author":[{"embeddable":true,"href":"https:\/\/woodvoodoo.com\/lt\/wp-json\/wp\/v2\/users\/1"}],"replies":[{"embeddable":true,"href":"https:\/\/woodvoodoo.com\/lt\/wp-json\/wp\/v2\/comments?post=742"}],"version-history":[{"count":5,"href":"https:\/\/woodvoodoo.com\/lt\/wp-json\/wp\/v2\/pages\/742\/revisions"}],"predecessor-version":[{"id":916,"href":"https:\/\/woodvoodoo.com\/lt\/wp-json\/wp\/v2\/pages\/742\/revisions\/916"}],"wp:attachment":[{"href":"https:\/\/woodvoodoo.com\/lt\/wp-json\/wp\/v2\/media?parent=742"}],"curies":[{"name":"wp","href":"https:\/\/api.w.org\/{rel}","templated":true}]}}