{"id":681,"date":"2025-01-15T15:17:46","date_gmt":"2025-01-15T15:17:46","guid":{"rendered":"https:\/\/woodvoodoo.com\/?page_id=681"},"modified":"2025-10-07T11:33:01","modified_gmt":"2025-10-07T11:33:01","slug":"category-flight-cases","status":"publish","type":"page","link":"https:\/\/woodvoodoo.com\/lt\/category-flight-cases\/","title":{"rendered":"Category &#8211; flight cases"},"content":{"rendered":"<div id=\"fws_69e22d599e66c\"  data-column-margin=\"none\" data-midnight=\"custom\" data-top-percent=\"15%\" data-bottom-percent=\"15%\"  class=\"wpb_row vc_row-fluid vc_row full-width-section  top_padding_tablet_30pct top_padding_phone_40pct bottom_padding_tablet_30pct bottom_padding_phone_40pct\"  style=\"padding-top: calc(100vw * 0.15); padding-bottom: calc(100vw * 0.15); \"><div class=\"row-bg-wrap\" data-bg-animation=\"none\" data-bg-animation-delay=\"\" data-bg-overlay=\"true\"><div class=\"inner-wrap row-bg-layer using-image\" ><div class=\"row-bg viewport-desktop using-image using-bg-color\"  style=\"background-image: url(https:\/\/woodvoodoo.com\/wp-content\/uploads\/2025\/01\/IMG_1702.jpg); background-position: center center; background-repeat: no-repeat; background-color: #9fc5d0; \"><\/div><\/div><div class=\"row-bg-overlay row-bg-layer\" style=\"background-color:#000000;  opacity: 0.3; \"><\/div><\/div><div class=\"row_col_wrap_12 col span_12 custom left\">\n\t<div  class=\"vc_col-sm-12 wpb_column column_container vc_column_container col no-extra-padding force-phone-text-align-center el_spacing_0px inherit_tablet inherit_phone\"  data-padding-pos=\"all\" data-has-bg-color=\"false\" data-bg-color=\"\" data-bg-opacity=\"1\" data-animation=\"\" data-delay=\"0\" >\n\t\t<div class=\"vc_column-inner\" >\n\t\t\t<div class=\"wpb_wrapper\">\n\t\t\t\t<div id=\"fws_69e22d599ebd5\" data-midnight=\"\" data-column-margin=\"default\" class=\"wpb_row vc_row-fluid vc_row inner_row\"  style=\" z-index: 20;\"><div class=\"row-bg-wrap\"> <div class=\"row-bg\" ><\/div> <\/div><div class=\"row_col_wrap_12_inner col span_12  left\">\n\t<div style=\" color: #ffffff;\" class=\"vc_col-sm-12 wpb_column column_container vc_column_container col child_column no-extra-padding el_spacing_0px inherit_tablet inherit_phone\" data-cfc=\"true\"  data-padding-pos=\"all\" data-has-bg-color=\"false\" data-bg-color=\"\" data-bg-opacity=\"1\" data-animation=\"\" data-delay=\"0\" >\n\t\t<div class=\"vc_column-inner\" >\n\t\t<div class=\"wpb_wrapper\">\n\t\t\t<div class=\"nectar-split-heading  font_size_10vh\" data-align=\"default\" data-m-align=\"inherit\" data-text-effect=\"none\" data-animation-type=\"line-reveal-by-space\" data-animation-delay=\"200\" data-animation-offset=\"\" data-m-rm-animation=\"\" data-stagger=\"\" data-custom-font-size=\"true\" style=\"font-size: 10vh; line-height: 11vh;\"><h1 >TRANSPORTAVIMO D\u0116\u017d\u0116S<\/h1><\/div>\n<div class=\"nectar-rotating-words-title  font_size_10vh\"  data-rotation=\"2500\" data-mobile=\"inline\">\n  <h1 class=\"heading\"><span class=\"beginning-text\">sukurtos apsaugoti J\u016bs\u0173 \u012frang\u0105 kelion\u0117s metu<\/span>  <span class=\"dynamic-words\" data-inherit-heading-family=\"default\">\n    <span class=\"text-wrap active\"><span><span><\/span><\/span><\/span>  <\/span>\n  <\/h1>\n<\/div>\n\t\t<\/div> \n\t<\/div>\n\t<\/div> \n<\/div><\/div><div id=\"fws_69e22d599f1d8\" data-midnight=\"\" data-column-margin=\"default\" class=\"wpb_row vc_row-fluid vc_row inner_row\"  style=\" z-index: 20;\"><div class=\"row-bg-wrap\"> <div class=\"row-bg\" ><\/div> <\/div><div class=\"row_col_wrap_12_inner col span_12  left\">\n\t<div style=\" color: #ffffff;\" class=\"vc_col-sm-12 wpb_column column_container vc_column_container col child_column has-animation no-extra-padding el_spacing_0px inherit_tablet inherit_phone\" data-cfc=\"true\"  data-padding-pos=\"all\" data-has-bg-color=\"false\" data-bg-color=\"\" data-bg-opacity=\"1\" data-animation=\"fade-in-from-bottom\" data-delay=\"650\" >\n\t\t<div class=\"vc_column-inner\" >\n\t\t<div class=\"wpb_wrapper\">\n\t\t\t\n\t\t<\/div> \n\t<\/div>\n\t<\/div> \n<\/div><\/div>\n\t\t\t<\/div> \n\t\t<\/div>\n\t<\/div> \n<\/div><\/div>\n\t\t<div id=\"fws_69e22d599f684\"  data-column-margin=\"default\" data-midnight=\"light\" data-top-percent=\"6%\" data-bottom-percent=\"6%\"  class=\"wpb_row vc_row-fluid vc_row full-width-section\"  style=\"padding-top: calc(100vw * 0.06); padding-bottom: calc(100vw * 0.06); \"><div class=\"row-bg-wrap\" data-bg-animation=\"none\" data-bg-animation-delay=\"\" data-bg-overlay=\"false\"><div class=\"inner-wrap row-bg-layer\" ><div class=\"row-bg viewport-desktop using-bg-color\"  style=\"background-color: #000000; \"><\/div><\/div><\/div><div class=\"row_col_wrap_12 col span_12 light left\">\n\t<div  class=\"vc_col-sm-12 wpb_column column_container vc_column_container col no-extra-padding inherit_tablet inherit_phone\"  data-padding-pos=\"all\" data-has-bg-color=\"false\" data-bg-color=\"\" data-bg-opacity=\"1\" data-animation=\"\" data-delay=\"0\" >\n\t\t<div class=\"vc_column-inner\" >\n\t\t\t<div class=\"wpb_wrapper\">\n\t\t\t\t<div id=\"fws_69e22d599f9b5\" data-midnight=\"\" data-column-margin=\"default\" class=\"wpb_row vc_row-fluid vc_row inner_row\"  style=\"\"><div class=\"row-bg-wrap\"> <div class=\"row-bg\" ><\/div> <\/div><div class=\"row_col_wrap_12_inner col span_12  left\">\n\t<div  class=\"vc_col-sm-4 wpb_column column_container vc_column_container col child_column no-extra-padding el_spacing_0px inherit_tablet inherit_phone\"   data-padding-pos=\"all\" data-has-bg-color=\"false\" data-bg-color=\"\" data-bg-opacity=\"1\" data-animation=\"\" data-delay=\"0\" >\n\t\t<div class=\"vc_column-inner\" >\n\t\t<div class=\"wpb_wrapper\">\n\t\t\t\n<div class=\"wpb_text_column wpb_content_element\" >\n\t<div class=\"wpb_wrapper\">\n\t\t\t<\/div>\n<\/div>\n\n\n\n\n\t\t<\/div> \n\t<\/div>\n\t<\/div> \n\n\t<div  class=\"vc_col-sm-8 wpb_column column_container vc_column_container col child_column el_spacing_30px right_padding_desktop_15pct right_padding_tablet_0px\"   data-padding-pos=\"all\" data-has-bg-color=\"false\" data-bg-color=\"\" data-bg-opacity=\"1\" data-animation=\"\" data-delay=\"0\" >\n\t\t<div class=\"vc_column-inner\" >\n\t\t<div class=\"wpb_wrapper\">\n\t\t\t<div class=\"nectar-responsive-text font_size_desktop_1-5em font_size_tablet_1em font_line_height_1-6 nectar-link-underline-effect\"><p>U\u017etikrinkite  \u012frangos saugum\u0105 keliones metu. \u0160ios d\u0117\u017e\u0117s u\u017etikrina optimali\u0105 j\u016bs\u0173 vertingos \u012frangos apsaug\u0105.<\/p>\n<\/div>\n\t\t<\/div> \n\t<\/div>\n\t<\/div> \n<\/div><\/div>\n\t\t\t<\/div> \n\t\t<\/div>\n\t<\/div> \n<\/div><\/div>\n\t\t<div id=\"fws_69e22d59a01d5\"  data-column-margin=\"default\" data-midnight=\"dark\"  class=\"wpb_row vc_row-fluid vc_row\"  style=\"padding-top: 0px; padding-bottom: 0px; \"><div class=\"row-bg-wrap\" data-bg-animation=\"none\" data-bg-animation-delay=\"\" data-bg-overlay=\"false\"><div class=\"inner-wrap row-bg-layer\" ><div class=\"row-bg viewport-desktop using-bg-color\"  style=\"background-color: #000000; \"><\/div><\/div><\/div><div class=\"row_col_wrap_12 col span_12 dark left\">\n\t<div style=\"\" class=\"vc_col-sm-12 wpb_column column_container vc_column_container col no-extra-padding inherit_tablet inherit_phone\" data-using-bg=\"true\" data-padding-pos=\"all\" data-has-bg-color=\"true\" data-bg-color=\"#000000\" data-bg-opacity=\"1\" data-hover-bg=\"#000000\" data-hover-bg-opacity=\"1\" data-animation=\"\" data-delay=\"0\" >\n\t\t<div class=\"vc_column-inner\" ><div class=\"column-bg-overlay-wrap column-bg-layer\" data-bg-animation=\"none\"><div class=\"column-bg-overlay\" style=\"opacity: 1; background-color: #000000;\"><\/div><\/div>\n\t\t\t<div class=\"wpb_wrapper\">\n\t\t\t\t\n\t<div class=\"wpb_gallery wpb_content_element clearfix\">\n\t\t<div class=\"wpb_wrapper\"><div class=\"wpb_gallery_slidesimage_grid\" data-onclick=\"link_image\" data-interval=\"5\">\n\n\t<div class=\"portfolio-wrap\">\n\n\t\t\t<span class=\"portfolio-loading\"><\/span>\n\n\t\t\t<div class=\"row portfolio-items no-masonry\" data-starting-filter=\"\" data-gutter=\"default\" data-masonry-type=\"default\" data-bypass-cropping=\"\"  data-ps=\"7\" data-loading=\"default\" data-categories-to-show=\"\" data-col-num=\"cols-4\">\n\n\n\n\t\n\t\t\t\t\t\t\t<div class=\"col span_3  element\" data-project-cat=\"\" data-default-color=\"true\" data-title-color=\"\" data-subtitle-color=\"\">\n\n\t\t\t\t\t\t\t<div class=\"inner-wrap animated\" data-animation=\"none\">\n\n\t\t\t\t\t\t\t\n\t\t\t\t\t\t\t<div class=\"work-item style-2\">\n\n\t\t\t\t\t\t\t\t<img decoding=\"async\" class=\"skip-lazy top-level-image\" src=\"https:\/\/woodvoodoo.com\/wp-content\/uploads\/2025\/06\/woodwoodoo-flightcase3-scaled-600x400.jpg\" width=\"600\" height=\"400\" alt=\"woodwoodoo-flightcase3\" title=\"woodwoodoo-flightcase3\" loading=\"lazy\" \/>\n\t\t\t\t\t\t\t\t<div class=\"work-info-bg\"><\/div>\n\t\t\t\t\t\t\t\t<div class=\"work-info\">\n\n\n\t\t\t\t\t\t\t\t\t\t\t\t\t\t\t\t\t   \t\t\t <a href=\"https:\/\/woodvoodoo.com\/wp-content\/uploads\/2025\/06\/woodwoodoo-flightcase3-scaled.jpg\" class=\"pretty_photo\"><span class=\"screen-reader-text\">woodwoodoo-flightcase3<\/span><\/a>\n\t\t\t\t\t\t\t\t   \t\t\n\t\t\t\t\t\t\t\t\t\t<div class=\"vert-center\">\n\t\t\t\t\t\t\t\t\t\t\t\t\t\t\t\t\t\t\t\t\t<\/div><!--\/vert-center-->\n\n\t\t\t\t\t\t\t\t\t\n\n\t\t\t\t\t\t\t\t<\/div>\n\t\t\t\t\t\t\t<\/div><!--work-item-->\n\n\t\t\t\t\t\t\n\n\t\t\t\t\t\t<\/div><\/div> \n\t\t\t\t\t\t\n\t\t\t\t\t\t\t<div class=\"col span_3  element\" data-project-cat=\"\" data-default-color=\"true\" data-title-color=\"\" data-subtitle-color=\"\">\n\n\t\t\t\t\t\t\t<div class=\"inner-wrap animated\" data-animation=\"none\">\n\n\t\t\t\t\t\t\t\n\t\t\t\t\t\t\t<div class=\"work-item style-2\">\n\n\t\t\t\t\t\t\t\t<img decoding=\"async\" class=\"skip-lazy top-level-image\" src=\"https:\/\/woodvoodoo.com\/wp-content\/uploads\/2025\/06\/woodwoodoo-flightcase4-scaled-600x400.jpg\" width=\"600\" height=\"400\" alt=\"woodwoodoo-flightcase4\" title=\"woodwoodoo-flightcase4\" loading=\"lazy\" \/>\n\t\t\t\t\t\t\t\t<div class=\"work-info-bg\"><\/div>\n\t\t\t\t\t\t\t\t<div class=\"work-info\">\n\n\n\t\t\t\t\t\t\t\t\t\t\t\t\t\t\t\t\t   \t\t\t <a href=\"https:\/\/woodvoodoo.com\/wp-content\/uploads\/2025\/06\/woodwoodoo-flightcase4-scaled.jpg\" class=\"pretty_photo\"><span class=\"screen-reader-text\">woodwoodoo-flightcase4<\/span><\/a>\n\t\t\t\t\t\t\t\t   \t\t\n\t\t\t\t\t\t\t\t\t\t<div class=\"vert-center\">\n\t\t\t\t\t\t\t\t\t\t\t\t\t\t\t\t\t\t\t\t\t<\/div><!--\/vert-center-->\n\n\t\t\t\t\t\t\t\t\t\n\n\t\t\t\t\t\t\t\t<\/div>\n\t\t\t\t\t\t\t<\/div><!--work-item-->\n\n\t\t\t\t\t\t\n\n\t\t\t\t\t\t<\/div><\/div> \n\t\t\t\t\t\t\n\t\t\t\t\t\t\t<div class=\"col span_3  element\" data-project-cat=\"\" data-default-color=\"true\" data-title-color=\"\" data-subtitle-color=\"\">\n\n\t\t\t\t\t\t\t<div class=\"inner-wrap animated\" data-animation=\"none\">\n\n\t\t\t\t\t\t\t\n\t\t\t\t\t\t\t<div class=\"work-item style-2\">\n\n\t\t\t\t\t\t\t\t<img decoding=\"async\" class=\"skip-lazy top-level-image\" src=\"https:\/\/woodvoodoo.com\/wp-content\/uploads\/2025\/06\/woodwoodoo-flightcase6-scaled-600x400.jpg\" width=\"600\" height=\"400\" alt=\"woodwoodoo-flightcase6\" title=\"woodwoodoo-flightcase6\" loading=\"lazy\" \/>\n\t\t\t\t\t\t\t\t<div class=\"work-info-bg\"><\/div>\n\t\t\t\t\t\t\t\t<div class=\"work-info\">\n\n\n\t\t\t\t\t\t\t\t\t\t\t\t\t\t\t\t\t   \t\t\t <a href=\"https:\/\/woodvoodoo.com\/wp-content\/uploads\/2025\/06\/woodwoodoo-flightcase6-scaled.jpg\" class=\"pretty_photo\"><span class=\"screen-reader-text\">woodwoodoo-flightcase6<\/span><\/a>\n\t\t\t\t\t\t\t\t   \t\t\n\t\t\t\t\t\t\t\t\t\t<div class=\"vert-center\">\n\t\t\t\t\t\t\t\t\t\t\t\t\t\t\t\t\t\t\t\t\t<\/div><!--\/vert-center-->\n\n\t\t\t\t\t\t\t\t\t\n\n\t\t\t\t\t\t\t\t<\/div>\n\t\t\t\t\t\t\t<\/div><!--work-item-->\n\n\t\t\t\t\t\t\n\n\t\t\t\t\t\t<\/div><\/div> \n\t\t\t\t\t\t\n\t\t\t\t\t\t\t<div class=\"col span_3  element\" data-project-cat=\"\" data-default-color=\"true\" data-title-color=\"\" data-subtitle-color=\"\">\n\n\t\t\t\t\t\t\t<div class=\"inner-wrap animated\" data-animation=\"none\">\n\n\t\t\t\t\t\t\t\n\t\t\t\t\t\t\t<div class=\"work-item style-2\">\n\n\t\t\t\t\t\t\t\t<img decoding=\"async\" class=\"skip-lazy top-level-image\" src=\"https:\/\/woodvoodoo.com\/wp-content\/uploads\/2025\/06\/woodwoodoo-flightcase7-scaled-600x400.jpg\" width=\"600\" height=\"400\" alt=\"woodwoodoo-flightcase7\" title=\"woodwoodoo-flightcase7\" loading=\"lazy\" \/>\n\t\t\t\t\t\t\t\t<div class=\"work-info-bg\"><\/div>\n\t\t\t\t\t\t\t\t<div class=\"work-info\">\n\n\n\t\t\t\t\t\t\t\t\t\t\t\t\t\t\t\t\t   \t\t\t <a href=\"https:\/\/woodvoodoo.com\/wp-content\/uploads\/2025\/06\/woodwoodoo-flightcase7-scaled.jpg\" class=\"pretty_photo\"><span class=\"screen-reader-text\">woodwoodoo-flightcase7<\/span><\/a>\n\t\t\t\t\t\t\t\t   \t\t\n\t\t\t\t\t\t\t\t\t\t<div class=\"vert-center\">\n\t\t\t\t\t\t\t\t\t\t\t\t\t\t\t\t\t\t\t\t\t<\/div><!--\/vert-center-->\n\n\t\t\t\t\t\t\t\t\t\n\n\t\t\t\t\t\t\t\t<\/div>\n\t\t\t\t\t\t\t<\/div><!--work-item-->\n\n\t\t\t\t\t\t\n\n\t\t\t\t\t\t<\/div><\/div> \n\t\t\t\t\t\t\n\t\t\t\t\t\t\t<div class=\"col span_3  element\" data-project-cat=\"\" data-default-color=\"true\" data-title-color=\"\" data-subtitle-color=\"\">\n\n\t\t\t\t\t\t\t<div class=\"inner-wrap animated\" data-animation=\"none\">\n\n\t\t\t\t\t\t\t\n\t\t\t\t\t\t\t<div class=\"work-item style-2\">\n\n\t\t\t\t\t\t\t\t<img decoding=\"async\" class=\"skip-lazy top-level-image\" src=\"https:\/\/woodvoodoo.com\/wp-content\/uploads\/2025\/06\/woodwoodoo-flightcase9-scaled-600x400.jpg\" width=\"600\" height=\"400\" alt=\"woodwoodoo-flightcase9\" title=\"woodwoodoo-flightcase9\" loading=\"lazy\" \/>\n\t\t\t\t\t\t\t\t<div class=\"work-info-bg\"><\/div>\n\t\t\t\t\t\t\t\t<div class=\"work-info\">\n\n\n\t\t\t\t\t\t\t\t\t\t\t\t\t\t\t\t\t   \t\t\t <a href=\"https:\/\/woodvoodoo.com\/wp-content\/uploads\/2025\/06\/woodwoodoo-flightcase9-scaled.jpg\" class=\"pretty_photo\"><span class=\"screen-reader-text\">woodwoodoo-flightcase9<\/span><\/a>\n\t\t\t\t\t\t\t\t   \t\t\n\t\t\t\t\t\t\t\t\t\t<div class=\"vert-center\">\n\t\t\t\t\t\t\t\t\t\t\t\t\t\t\t\t\t\t\t\t\t<\/div><!--\/vert-center-->\n\n\t\t\t\t\t\t\t\t\t\n\n\t\t\t\t\t\t\t\t<\/div>\n\t\t\t\t\t\t\t<\/div><!--work-item-->\n\n\t\t\t\t\t\t\n\n\t\t\t\t\t\t<\/div><\/div> \n\t\t\t\t\t\t\n\t\t\t\t\t\t\t<div class=\"col span_3  element\" data-project-cat=\"\" data-default-color=\"true\" data-title-color=\"\" data-subtitle-color=\"\">\n\n\t\t\t\t\t\t\t<div class=\"inner-wrap animated\" data-animation=\"none\">\n\n\t\t\t\t\t\t\t\n\t\t\t\t\t\t\t<div class=\"work-item style-2\">\n\n\t\t\t\t\t\t\t\t<img decoding=\"async\" class=\"skip-lazy top-level-image\" src=\"https:\/\/woodvoodoo.com\/wp-content\/uploads\/2025\/06\/woodwoodoo-flightcase10-480x400.jpg\" width=\"480\" height=\"400\" alt=\"woodwoodoo-flightcase10\" title=\"woodwoodoo-flightcase10\" loading=\"lazy\" \/>\n\t\t\t\t\t\t\t\t<div class=\"work-info-bg\"><\/div>\n\t\t\t\t\t\t\t\t<div class=\"work-info\">\n\n\n\t\t\t\t\t\t\t\t\t\t\t\t\t\t\t\t\t   \t\t\t <a href=\"https:\/\/woodvoodoo.com\/wp-content\/uploads\/2025\/06\/woodwoodoo-flightcase10.jpg\" class=\"pretty_photo\"><span class=\"screen-reader-text\">woodwoodoo-flightcase10<\/span><\/a>\n\t\t\t\t\t\t\t\t   \t\t\n\t\t\t\t\t\t\t\t\t\t<div class=\"vert-center\">\n\t\t\t\t\t\t\t\t\t\t\t\t\t\t\t\t\t\t\t\t\t<\/div><!--\/vert-center-->\n\n\t\t\t\t\t\t\t\t\t\n\n\t\t\t\t\t\t\t\t<\/div>\n\t\t\t\t\t\t\t<\/div><!--work-item-->\n\n\t\t\t\t\t\t\n\n\t\t\t\t\t\t<\/div><\/div> \n\t\t\t\t\t\t\n\t\t\t\t\t\t\t<div class=\"col span_3  element\" data-project-cat=\"\" data-default-color=\"true\" data-title-color=\"\" data-subtitle-color=\"\">\n\n\t\t\t\t\t\t\t<div class=\"inner-wrap animated\" data-animation=\"none\">\n\n\t\t\t\t\t\t\t\n\t\t\t\t\t\t\t<div class=\"work-item style-2\">\n\n\t\t\t\t\t\t\t\t<img decoding=\"async\" class=\"skip-lazy top-level-image\" src=\"https:\/\/woodvoodoo.com\/wp-content\/uploads\/2025\/06\/woodwoodoo-flightcase11-480x400.jpg\" width=\"480\" height=\"400\" alt=\"woodwoodoo-flightcase11\" title=\"woodwoodoo-flightcase11\" loading=\"lazy\" \/>\n\t\t\t\t\t\t\t\t<div class=\"work-info-bg\"><\/div>\n\t\t\t\t\t\t\t\t<div class=\"work-info\">\n\n\n\t\t\t\t\t\t\t\t\t\t\t\t\t\t\t\t\t   \t\t\t <a href=\"https:\/\/woodvoodoo.com\/wp-content\/uploads\/2025\/06\/woodwoodoo-flightcase11.jpg\" class=\"pretty_photo\"><span class=\"screen-reader-text\">woodwoodoo-flightcase11<\/span><\/a>\n\t\t\t\t\t\t\t\t   \t\t\n\t\t\t\t\t\t\t\t\t\t<div class=\"vert-center\">\n\t\t\t\t\t\t\t\t\t\t\t\t\t\t\t\t\t\t\t\t\t<\/div><!--\/vert-center-->\n\n\t\t\t\t\t\t\t\t\t\n\n\t\t\t\t\t\t\t\t<\/div>\n\t\t\t\t\t\t\t<\/div><!--work-item-->\n\n\t\t\t\t\t\t\n\n\t\t\t\t\t\t<\/div><\/div> \n\t\t\t\t\t\t\n\t\t\t\t\t\t\t<div class=\"col span_3  element\" data-project-cat=\"\" data-default-color=\"true\" data-title-color=\"\" data-subtitle-color=\"\">\n\n\t\t\t\t\t\t\t<div class=\"inner-wrap animated\" data-animation=\"none\">\n\n\t\t\t\t\t\t\t\n\t\t\t\t\t\t\t<div class=\"work-item style-2\">\n\n\t\t\t\t\t\t\t\t<img decoding=\"async\" class=\"skip-lazy top-level-image\" src=\"https:\/\/woodvoodoo.com\/wp-content\/uploads\/2025\/06\/woodwoodoo-flightcase12-480x400.jpg\" width=\"480\" height=\"400\" alt=\"woodwoodoo-flightcase12\" title=\"woodwoodoo-flightcase12\" loading=\"lazy\" \/>\n\t\t\t\t\t\t\t\t<div class=\"work-info-bg\"><\/div>\n\t\t\t\t\t\t\t\t<div class=\"work-info\">\n\n\n\t\t\t\t\t\t\t\t\t\t\t\t\t\t\t\t\t   \t\t\t <a href=\"https:\/\/woodvoodoo.com\/wp-content\/uploads\/2025\/06\/woodwoodoo-flightcase12.jpg\" class=\"pretty_photo\"><span class=\"screen-reader-text\">woodwoodoo-flightcase12<\/span><\/a>\n\t\t\t\t\t\t\t\t   \t\t\n\t\t\t\t\t\t\t\t\t\t<div class=\"vert-center\">\n\t\t\t\t\t\t\t\t\t\t\t\t\t\t\t\t\t\t\t\t\t<\/div><!--\/vert-center-->\n\n\t\t\t\t\t\t\t\t\t\n\n\t\t\t\t\t\t\t\t<\/div>\n\t\t\t\t\t\t\t<\/div><!--work-item-->\n\n\t\t\t\t\t\t\n\n\t\t\t\t\t\t<\/div><\/div> \n\t\t\t\t\t\t\n\t\t\t\t\t\t\t<div class=\"col span_3  element\" data-project-cat=\"\" data-default-color=\"true\" data-title-color=\"\" data-subtitle-color=\"\">\n\n\t\t\t\t\t\t\t<div class=\"inner-wrap animated\" data-animation=\"none\">\n\n\t\t\t\t\t\t\t\n\t\t\t\t\t\t\t<div class=\"work-item style-2\">\n\n\t\t\t\t\t\t\t\t<img decoding=\"async\" class=\"skip-lazy\" src=\"https:\/\/woodvoodoo.com\/wp-content\/uploads\/2025\/06\/woodwoodoo-flightcase13-480x400.jpg\" width=\"480\" height=\"400\" alt=\"woodwoodoo-flightcase13\" title=\"woodwoodoo-flightcase13\" loading=\"lazy\" \/>\n\t\t\t\t\t\t\t\t<div class=\"work-info-bg\"><\/div>\n\t\t\t\t\t\t\t\t<div class=\"work-info\">\n\n\n\t\t\t\t\t\t\t\t\t\t\t\t\t\t\t\t\t   \t\t\t <a href=\"https:\/\/woodvoodoo.com\/wp-content\/uploads\/2025\/06\/woodwoodoo-flightcase13.jpg\" class=\"pretty_photo\"><span class=\"screen-reader-text\">woodwoodoo-flightcase13<\/span><\/a>\n\t\t\t\t\t\t\t\t   \t\t\n\t\t\t\t\t\t\t\t\t\t<div class=\"vert-center\">\n\t\t\t\t\t\t\t\t\t\t\t\t\t\t\t\t\t\t\t\t\t<\/div><!--\/vert-center-->\n\n\t\t\t\t\t\t\t\t\t\n\n\t\t\t\t\t\t\t\t<\/div>\n\t\t\t\t\t\t\t<\/div><!--work-item-->\n\n\t\t\t\t\t\t\n\n\t\t\t\t\t\t<\/div><\/div> \n\t\t\t\t\t\t\n\t\t\t\t\t\t\t<div class=\"col span_3  element\" data-project-cat=\"\" data-default-color=\"true\" data-title-color=\"\" data-subtitle-color=\"\">\n\n\t\t\t\t\t\t\t<div class=\"inner-wrap animated\" data-animation=\"none\">\n\n\t\t\t\t\t\t\t\n\t\t\t\t\t\t\t<div class=\"work-item style-2\">\n\n\t\t\t\t\t\t\t\t<img decoding=\"async\" class=\"skip-lazy\" src=\"https:\/\/woodvoodoo.com\/wp-content\/uploads\/2025\/06\/woodwoodoo-flightcase14-480x400.jpg\" width=\"480\" height=\"400\" alt=\"woodwoodoo-flightcase14\" title=\"woodwoodoo-flightcase14\" loading=\"lazy\" \/>\n\t\t\t\t\t\t\t\t<div class=\"work-info-bg\"><\/div>\n\t\t\t\t\t\t\t\t<div class=\"work-info\">\n\n\n\t\t\t\t\t\t\t\t\t\t\t\t\t\t\t\t\t   \t\t\t <a href=\"https:\/\/woodvoodoo.com\/wp-content\/uploads\/2025\/06\/woodwoodoo-flightcase14.jpg\" class=\"pretty_photo\"><span class=\"screen-reader-text\">woodwoodoo-flightcase14<\/span><\/a>\n\t\t\t\t\t\t\t\t   \t\t\n\t\t\t\t\t\t\t\t\t\t<div class=\"vert-center\">\n\t\t\t\t\t\t\t\t\t\t\t\t\t\t\t\t\t\t\t\t\t<\/div><!--\/vert-center-->\n\n\t\t\t\t\t\t\t\t\t\n\n\t\t\t\t\t\t\t\t<\/div>\n\t\t\t\t\t\t\t<\/div><!--work-item-->\n\n\t\t\t\t\t\t\n\n\t\t\t\t\t\t<\/div><\/div> \n\t\t\t\t\t\t<\/div><\/div><\/div>\n\t\t<\/div> \n\t<\/div> \n\t\t\t<\/div> \n\t\t<\/div>\n\t<\/div> \n<\/div><\/div>\n\t\t<div id=\"fws_69e22d5a09847\"  data-column-margin=\"default\" data-midnight=\"light\" data-top-percent=\"14%\" data-bottom-percent=\"14%\"  class=\"wpb_row vc_row-fluid vc_row full-width-content vc_row-o-equal-height vc_row-flex vc_row-o-content-top  top_padding_tablet_20pct bottom_padding_tablet_20pct\"  style=\"padding-top: calc(100vw * 0.14); padding-bottom: calc(100vw * 0.14); \"><div class=\"row-bg-wrap\" data-bg-animation=\"none\" data-bg-animation-delay=\"\" data-bg-overlay=\"false\"><div class=\"inner-wrap row-bg-layer\" ><div class=\"row-bg viewport-desktop using-bg-color\"  style=\"background-color: #131418; \"><\/div><\/div><\/div><div class=\"row_col_wrap_12 col span_12 light left\">\n\t<div  class=\"vc_col-sm-12 wpb_column column_container vc_column_container col no-extra-padding inherit_tablet inherit_phone\"  data-padding-pos=\"all\" data-has-bg-color=\"false\" data-bg-color=\"\" data-bg-opacity=\"1\" data-animation=\"\" data-delay=\"0\" >\n\t\t<div class=\"vc_column-inner\" >\n\t\t\t<div class=\"wpb_wrapper\">\n\t\t\t\t<div id=\"fws_69e22d5a09bd7\" data-midnight=\"\" data-column-margin=\"none\" class=\"wpb_row vc_row-fluid vc_row inner_row  right_padding_24pct left_padding_24pct bottom_padding_tablet_25px right_padding_phone_12pct left_padding_phone_12pct\"  style=\"padding-bottom: 35px; \"><div class=\"row-bg-wrap\"> <div class=\"row-bg\" ><\/div> <\/div><div class=\"row_col_wrap_12_inner col span_12  left\">\n\t<div  class=\"vc_col-sm-12 wpb_column column_container vc_column_container col child_column centered-text has-animation no-extra-padding inherit_tablet inherit_phone\"   data-padding-pos=\"all\" data-has-bg-color=\"false\" data-bg-color=\"\" data-bg-opacity=\"1\" data-animation=\"fade-in-from-bottom\" data-delay=\"0\" >\n\t\t<div class=\"vc_column-inner\" >\n\t\t<div class=\"wpb_wrapper\">\n\t\t\t<div class=\"nectar-split-heading\" data-align=\"default\" data-m-align=\"inherit\" data-text-effect=\"none\" data-animation-type=\"line-reveal-by-space\" data-animation-delay=\"0\" data-animation-offset=\"\" data-m-rm-animation=\"\" data-stagger=\"\" data-custom-font-size=\"false\" ><h2 style=\"max-width: 435px;\">\u012erangos apsaugos sprendimai transportavimo metu<\/h2><\/div>\n\t\t<\/div> \n\t<\/div>\n\t<\/div> \n<\/div><\/div><div class='nectar-post-grid-wrap nectar-browser-window-style text-color-light spacing-25px' data-el-settings='{\"post_type\":\"portfolio\",\"pagination\":\"load-more\",\"image_size\":\"portfolio-thumb_large\",\"parallax_scrolling\":\"\",\"aspect_ratio_image_size\":\"yes\",\"category_position\":\"default\",\"category_display\":\"default\",\"display_categories\":\"yes\",\"display_excerpt\":\"0\",\"excerpt_length\":\"20\",\"display_date\":\"0\",\"display_estimated_reading_time\":\"0\",\"display_author\":\"0\",\"author_functionality\":\"default\",\"author_position\":\"default\",\"color_overlay\":\"\",\"color_overlay_opacity\":\"\",\"color_overlay_hover_opacity\":\"\",\"card_bg_color\":\"#1f2125\",\"grid_style\":\"content_under_image\",\"hover_effect\":\"none\",\"post_title_overlay\":\"\",\"heading_tag\":\"h4\",\"enable_gallery_lightbox\":\"0\",\"category_style\":\"underline\",\"overlay_secondary_project_image\":\"\",\"vertical_list_hover_effect\":\"none\",\"vertical_list_read_more\":\"\",\"read_more_button\":\"0\",\"animation\":\"fade-in-from-bottom\",\"custom_fields\":\"\",\"custom_fields_location\":\"before_post_meta\",\"display_type\":\"grid\"}' data-style='content_under_image' data-query='{\"post_type\":\"portfolio\",\"posts_per_page\":\"15\",\"order\":\"DESC\",\"orderby\":\"date\",\"offset\":\"0\",\"cpt_name\":\"post\",\"custom_query_tax\":\"\",\"ignore_sticky_posts\":\"\",\"exclude_current_post\":\"\"}' data-load-more-color='accent-color' data-load-more-text='Load More'><div class=\"nectar-post-grid card_hover_color_25272b category-position-before-title\" data-indicator=\"yes\" data-indicator-style=\"default\" data-indicator-text-color=\"#fff\" data-indicator-color=\"#3452ff\" data-indicator-text=\"View\" data-masonry=\"yes\" data-columns=\"3\" data-hover-effect=\"none\" data-text-style=\"default\" data-border-radius=\"10px\" data-grid-item-height=\"30vh\" data-grid-spacing=\"25px\" data-text-layout=\"top_left\" data-text-color=\"light\" data-text-hover-color=\"light\" data-shadow-hover=\"\" data-animation=\"fade-in-from-bottom\" data-animation-stagger=\"90\" data-cat-click=\"static\"  data-lock-aspect=\"yes\"  data-text-align=\"center\" data-card=\"yes\" style=\"--post-grid-border-radius:10px;\" ><\/div><\/div>\n\t\t\t<\/div> \n\t\t<\/div>\n\t<\/div> \n<\/div><\/div>","protected":false},"excerpt":{"rendered":"Road &amp; Flight Cases designed to protect your equipment during travel Ensure your equipment travels safely with our custom road and flight cases. Expertly designed for strength, durability, and functionality,...","protected":false},"author":1,"featured_media":0,"parent":0,"menu_order":0,"comment_status":"closed","ping_status":"closed","template":"","meta":{"footnotes":""},"class_list":["post-681","page","type-page","status-publish"],"_links":{"self":[{"href":"https:\/\/woodvoodoo.com\/lt\/wp-json\/wp\/v2\/pages\/681","targetHints":{"allow":["GET"]}}],"collection":[{"href":"https:\/\/woodvoodoo.com\/lt\/wp-json\/wp\/v2\/pages"}],"about":[{"href":"https:\/\/woodvoodoo.com\/lt\/wp-json\/wp\/v2\/types\/page"}],"author":[{"embeddable":true,"href":"https:\/\/woodvoodoo.com\/lt\/wp-json\/wp\/v2\/users\/1"}],"replies":[{"embeddable":true,"href":"https:\/\/woodvoodoo.com\/lt\/wp-json\/wp\/v2\/comments?post=681"}],"version-history":[{"count":13,"href":"https:\/\/woodvoodoo.com\/lt\/wp-json\/wp\/v2\/pages\/681\/revisions"}],"predecessor-version":[{"id":921,"href":"https:\/\/woodvoodoo.com\/lt\/wp-json\/wp\/v2\/pages\/681\/revisions\/921"}],"wp:attachment":[{"href":"https:\/\/woodvoodoo.com\/lt\/wp-json\/wp\/v2\/media?parent=681"}],"curies":[{"name":"wp","href":"https:\/\/api.w.org\/{rel}","templated":true}]}}